{"id":12880,"date":"2025-03-27T22:20:51","date_gmt":"2025-03-27T19:20:51","guid":{"rendered":"https:\/\/uzel.kranas.com\/?page_id=12880"},"modified":"2025-06-26T12:02:19","modified_gmt":"2025-06-26T09:02:19","slug":"blog","status":"publish","type":"page","link":"https:\/\/uzelyachting.com\/tr\/blog\/","title":{"rendered":"Blog"},"content":{"rendered":"<section class=\"l-section wpb_row us_custom_6b7d9c44 height_huge\"><div class=\"l-section-overlay\" style=\"background:rgba(0,0,0,0.38)\"><\/div><div class=\"l-section-h i-cf\"><div class=\"g-cols vc_row via_grid cols_1 laptops-cols_inherit tablets-cols_inherit mobiles-cols_1 valign_top type_default stacking_default\"><div class=\"wpb_column vc_column_container\"><div class=\"vc_column-inner\"><div class=\"w-vwrapper us_custom_6df4bc3a has_text_color align_none valign_middle\" style=\"--vwrapper-gap:1rem\"><h1 class=\"w-text\"><span class=\"w-text-h\"><span class=\"w-text-value\">Blog<\/span><\/span><\/h1><\/div><\/div><\/div><\/div><\/div><\/section><section class=\"l-section wpb_row height_medium\"><div class=\"l-section-h i-cf\"><div class=\"g-cols vc_row via_grid cols_1 laptops-cols_inherit tablets-cols_inherit mobiles-cols_1 valign_top type_default stacking_default\"><div class=\"wpb_column vc_column_container\"><div class=\"vc_column-inner\"><div class=\"w-grid us_grid type_grid layout_276 cols_3 overflow_hidden preload_style_spinner\" id=\"us_grid_1\" style=\"--columns:3;--gap:0.6rem;\" data-filterable=\"true\"><style>@media (max-width:1024px){#us_grid_1{--columns:2!important}}@media (max-width:600px){#us_grid_1{--columns:1!important}}.layout_276 .w-grid-item-h{background:var(--color-content-bg);color:var(--color-content-heading);border-radius:0.3rem;box-shadow:0 0.02rem 0.04rem rgba(0,0,0,0.1),0 0.07rem 0.2rem rgba(0,0,0,0.1);transition-duration:0.3s}.no-touch .layout_276 .w-grid-item-h:hover{box-shadow:0 0.1rem 0.2rem rgba(0,0,0,0.1),0 0.33rem 1rem rgba(0,0,0,0.15);z-index:4}.layout_276 .usg_vwrapper_1{padding:5% 8% 8% 8%!important}.layout_276 .usg_hwrapper_1{margin-bottom:0.2rem!important}.layout_276 .usg_post_title_1{text-align:center!important}<\/style><div class=\"w-grid-list\">\t<article class=\"w-grid-item size_1x1 post-12871 post type-post status-publish format-standard has-post-thumbnail hentry category-blog-tr\" data-id=\"12871\">\r\n\t\t<div class=\"w-grid-item-h\">\r\n\t\t\t\t\t\t<div class=\"w-post-elm post_image usg_post_image_1 stretched\"><a href=\"https:\/\/uzelyachting.com\/tr\/kapadokyada-atlarin-fisildadigi-yerde-bir-masal-gibi-gezi\/\" aria-label=\"Kapadokya\u2019da Atlar\u0131n F\u0131s\u0131ldad\u0131\u011f\u0131 Yerde: Bir Masal Gibi Gezi\"><img loading=\"lazy\" decoding=\"async\" width=\"1024\" height=\"682\" src=\"https:\/\/uzelyachting.com\/wp-content\/uploads\/2025\/06\/cappadocia-1024x682.jpg\" class=\"attachment-large size-large wp-post-image\" alt=\"\" srcset=\"https:\/\/uzelyachting.com\/wp-content\/uploads\/2025\/06\/cappadocia-1024x682.jpg 1024w, https:\/\/uzelyachting.com\/wp-content\/uploads\/2025\/06\/cappadocia-300x200.jpg 300w, https:\/\/uzelyachting.com\/wp-content\/uploads\/2025\/06\/cappadocia-53x35.jpg 53w, https:\/\/uzelyachting.com\/wp-content\/uploads\/2025\/06\/cappadocia-550x367.jpg 550w, https:\/\/uzelyachting.com\/wp-content\/uploads\/2025\/06\/cappadocia-90x60.jpg 90w, https:\/\/uzelyachting.com\/wp-content\/uploads\/2025\/06\/cappadocia.jpg 1280w\" sizes=\"auto, (max-width: 1024px) 100vw, 1024px\" \/><\/a><\/div><div class=\"w-vwrapper usg_vwrapper_1 align_none valign_top\" style=\"--vwrapper-gap:0.5rem\"><div class=\"w-hwrapper usg_hwrapper_1 align_none valign_top wrap\"><\/div><h3 class=\"w-post-elm post_title usg_post_title_1 entry-title color_link_inherit\"><a href=\"https:\/\/uzelyachting.com\/tr\/kapadokyada-atlarin-fisildadigi-yerde-bir-masal-gibi-gezi\/\">Kapadokya\u2019da Atlar\u0131n F\u0131s\u0131ldad\u0131\u011f\u0131 Yerde: Bir Masal Gibi Gezi<\/a><\/h3><\/div>\t\t<\/div>\r\n\t\t\t<\/article>\r\n\t<article class=\"w-grid-item size_1x1 post-12866 post type-post status-publish format-standard has-post-thumbnail hentry category-blog-tr\" data-id=\"12866\">\r\n\t\t<div class=\"w-grid-item-h\">\r\n\t\t\t\t\t\t<div class=\"w-post-elm post_image usg_post_image_1 stretched\"><a href=\"https:\/\/uzelyachting.com\/tr\/en-doyumsuz-ve-etkisinden-cikamadigimiz-yildonumu-kutlamasi-teknede-gerceklesti\/\" aria-label=\"En Doyumsuz ve Etkisinden \u00c7\u0131kamad\u0131\u011f\u0131m\u0131z Y\u0131ld\u00f6n\u00fcm\u00fc Kutlamas\u0131 Teknede Ger\u00e7ekle\u015fti\"><img loading=\"lazy\" decoding=\"async\" width=\"1024\" height=\"683\" src=\"https:\/\/uzelyachting.com\/wp-content\/uploads\/2025\/06\/2-56-1024x683.jpg\" class=\"attachment-large size-large wp-post-image\" alt=\"\" srcset=\"https:\/\/uzelyachting.com\/wp-content\/uploads\/2025\/06\/2-56-1024x683.jpg 1024w, https:\/\/uzelyachting.com\/wp-content\/uploads\/2025\/06\/2-56-300x200.jpg 300w, https:\/\/uzelyachting.com\/wp-content\/uploads\/2025\/06\/2-56-53x35.jpg 53w, https:\/\/uzelyachting.com\/wp-content\/uploads\/2025\/06\/2-56-550x367.jpg 550w, https:\/\/uzelyachting.com\/wp-content\/uploads\/2025\/06\/2-56-90x60.jpg 90w, https:\/\/uzelyachting.com\/wp-content\/uploads\/2025\/06\/2-56.jpg 1620w\" sizes=\"auto, (max-width: 1024px) 100vw, 1024px\" \/><\/a><\/div><div class=\"w-vwrapper usg_vwrapper_1 align_none valign_top\" style=\"--vwrapper-gap:0.5rem\"><div class=\"w-hwrapper usg_hwrapper_1 align_none valign_top wrap\"><\/div><h3 class=\"w-post-elm post_title usg_post_title_1 entry-title color_link_inherit\"><a href=\"https:\/\/uzelyachting.com\/tr\/en-doyumsuz-ve-etkisinden-cikamadigimiz-yildonumu-kutlamasi-teknede-gerceklesti\/\">En Doyumsuz ve Etkisinden \u00c7\u0131kamad\u0131\u011f\u0131m\u0131z Y\u0131ld\u00f6n\u00fcm\u00fc Kutlamas\u0131 Teknede Ger\u00e7ekle\u015fti<\/a><\/h3><\/div>\t\t<\/div>\r\n\t\t\t<\/article>\r\n\t<article class=\"w-grid-item size_1x1 post-12852 post type-post status-publish format-standard has-post-thumbnail hentry category-blog-tr\" data-id=\"12852\">\r\n\t\t<div class=\"w-grid-item-h\">\r\n\t\t\t\t\t\t<div class=\"w-post-elm post_image usg_post_image_1 stretched\"><a href=\"https:\/\/uzelyachting.com\/tr\/cocuklarla-tekne-tatili-turkiye-koylarinda-bir-ruya-gerceklestirdik\/\" aria-label=\"\u00c7ocuklarla Tekne Tatili: T\u00fcrkiye Koylar\u0131nda Bir R\u00fcya Ger\u00e7ekle\u015ftirdik!\"><img loading=\"lazy\" decoding=\"async\" width=\"1024\" height=\"683\" src=\"https:\/\/uzelyachting.com\/wp-content\/uploads\/2025\/06\/yacht-kids-1024x683.jpeg\" class=\"attachment-large size-large wp-post-image\" alt=\"\" srcset=\"https:\/\/uzelyachting.com\/wp-content\/uploads\/2025\/06\/yacht-kids-1024x683.jpeg 1024w, https:\/\/uzelyachting.com\/wp-content\/uploads\/2025\/06\/yacht-kids-300x200.jpeg 300w, https:\/\/uzelyachting.com\/wp-content\/uploads\/2025\/06\/yacht-kids-53x35.jpeg 53w, https:\/\/uzelyachting.com\/wp-content\/uploads\/2025\/06\/yacht-kids-550x367.jpeg 550w, https:\/\/uzelyachting.com\/wp-content\/uploads\/2025\/06\/yacht-kids-90x60.jpeg 90w, https:\/\/uzelyachting.com\/wp-content\/uploads\/2025\/06\/yacht-kids.jpeg 2048w\" sizes=\"auto, (max-width: 1024px) 100vw, 1024px\" \/><\/a><\/div><div class=\"w-vwrapper usg_vwrapper_1 align_none valign_top\" style=\"--vwrapper-gap:0.5rem\"><div class=\"w-hwrapper usg_hwrapper_1 align_none valign_top wrap\"><\/div><h3 class=\"w-post-elm post_title usg_post_title_1 entry-title color_link_inherit\"><a href=\"https:\/\/uzelyachting.com\/tr\/cocuklarla-tekne-tatili-turkiye-koylarinda-bir-ruya-gerceklestirdik\/\">\u00c7ocuklarla Tekne Tatili: T\u00fcrkiye Koylar\u0131nda Bir R\u00fcya Ger\u00e7ekle\u015ftirdik!<\/a><\/h3><\/div>\t\t<\/div>\r\n\t\t\t<\/article>\r\n<\/div>\t<div class=\"w-grid-preloader\">\r\n\t\t<div class=\"g-preloader type_1\">\r\n\t\t\t<div><\/div>\r\n\t\t<\/div>\r\n\t<\/div>\r\n\t\t<div class=\"w-grid-json hidden\" onclick='return {&quot;action&quot;:&quot;us_ajax_grid&quot;,&quot;infinite_scroll&quot;:0,&quot;max_num_pages&quot;:1,&quot;pagination&quot;:&quot;none&quot;,&quot;template_vars&quot;:{&quot;columns&quot;:&quot;3&quot;,&quot;exclude_items&quot;:&quot;none&quot;,&quot;img_size&quot;:&quot;default&quot;,&quot;ignore_items_size&quot;:0,&quot;items_layout&quot;:&quot;276&quot;,&quot;items_offset&quot;:&quot;1&quot;,&quot;load_animation&quot;:&quot;none&quot;,&quot;overriding_link&quot;:&quot;%7B%22url%22%3A%22%22%7D&quot;,&quot;post_id&quot;:0,&quot;query_args&quot;:{&quot;post_type&quot;:[&quot;post&quot;],&quot;tax_query&quot;:[{&quot;taxonomy&quot;:&quot;category&quot;,&quot;field&quot;:&quot;slug&quot;,&quot;terms&quot;:[&quot;blog-tr&quot;]}],&quot;post_status&quot;:[&quot;publish&quot;,&quot;acf-disabled&quot;],&quot;posts_per_page&quot;:&quot;10&quot;},&quot;orderby_query_args&quot;:{&quot;orderby&quot;:{&quot;date&quot;:&quot;DESC&quot;}},&quot;type&quot;:&quot;grid&quot;,&quot;us_grid_post_type&quot;:&quot;post&quot;,&quot;us_grid_ajax_index&quot;:1,&quot;us_grid_filter_query_string&quot;:null,&quot;us_grid_index&quot;:1,&quot;page_args&quot;:[],&quot;lang&quot;:&quot;tr&quot;}}'><\/div>\r\n\t<\/div><\/div><\/div><\/div><\/div><\/section>\n","protected":false},"excerpt":{"rendered":"Tekne tatili&#8230; Herkesin kula\u011f\u0131na ho\u015f gelir ama \u00e7ocuklu bir aile i\u00e7in ayn\u0131 zamanda biraz da soru i\u015fareti bar\u0131nd\u0131r\u0131r. \u201cTeknede \u00e7ocuklarla rahat eder miyiz?\u201d \u201cK\u00fc\u00e7\u00fck \u00e7ocuklar i\u00e7in g\u00fcvenli mi?\u201d \u201cS\u00fcrekli kontrol etmemiz gerekir mi?\u201d Bu sorular y\u00fcz\u00fcnden y\u0131llarca biz de bu tatili hep erteledik. Oysa bir kere deneyince anlad\u0131k ki, bu sadece bir tatil de\u011fil, ailece...","protected":false},"author":1,"featured_media":0,"parent":0,"menu_order":0,"comment_status":"closed","ping_status":"closed","template":"","meta":{"_acf_changed":false,"footnotes":""},"class_list":["post-12880","page","type-page","status-publish","hentry"],"acf":[],"_links":{"self":[{"href":"https:\/\/uzelyachting.com\/tr\/wp-json\/wp\/v2\/pages\/12880","targetHints":{"allow":["GET"]}}],"collection":[{"href":"https:\/\/uzelyachting.com\/tr\/wp-json\/wp\/v2\/pages"}],"about":[{"href":"https:\/\/uzelyachting.com\/tr\/wp-json\/wp\/v2\/types\/page"}],"author":[{"embeddable":true,"href":"https:\/\/uzelyachting.com\/tr\/wp-json\/wp\/v2\/users\/1"}],"replies":[{"embeddable":true,"href":"https:\/\/uzelyachting.com\/tr\/wp-json\/wp\/v2\/comments?post=12880"}],"version-history":[{"count":1,"href":"https:\/\/uzelyachting.com\/tr\/wp-json\/wp\/v2\/pages\/12880\/revisions"}],"predecessor-version":[{"id":12881,"href":"https:\/\/uzelyachting.com\/tr\/wp-json\/wp\/v2\/pages\/12880\/revisions\/12881"}],"wp:attachment":[{"href":"https:\/\/uzelyachting.com\/tr\/wp-json\/wp\/v2\/media?parent=12880"}],"curies":[{"name":"wp","href":"https:\/\/api.w.org\/{rel}","templated":true}]}}