{"id":12883,"date":"2025-01-23T20:49:08","date_gmt":"2025-01-23T17:49:08","guid":{"rendered":"https:\/\/uzel.kranas.com\/?page_id=12883"},"modified":"2025-06-26T14:56:22","modified_gmt":"2025-06-26T11:56:22","slug":"diger-hizmetlerimiz","status":"publish","type":"page","link":"https:\/\/uzelyachting.com\/tr\/diger-hizmetlerimiz\/","title":{"rendered":"Di\u011fer Hizmetlerimiz"},"content":{"rendered":"<section class=\"l-section wpb_row height_auto width_full\" id=\"tours-on-land\"><div class=\"l-section-h i-cf\"><div class=\"g-cols vc_row via_grid cols_2 laptops-cols_inherit tablets-cols_inherit mobiles-cols_1 valign_middle type_default stacking_default\" style=\"--columns-gap:0rem;\"><div class=\"wpb_column vc_column_container us_custom_e539c692 has_bg_color\"><div class=\"vc_column-inner\"><\/div><\/div><div class=\"wpb_column vc_column_container\"><div class=\"vc_column-overlay\" style=\"background:#1598d4\"><\/div><div class=\"vc_column-inner\"><div class=\"w-separator hide_on_default hide_on_laptops hide_on_tablets size_large\"><\/div><div class=\"wpb_text_column us_custom_d44d8758 has_text_color\"><div class=\"wpb_wrapper\"><h1>\u00d6zel Grup ve Ki\u015fiye \u00d6zel Tasarlanm\u0131\u015f Kara Turlar\u0131m\u0131z<\/h1>\n<\/div><\/div><div class=\"w-separator size_medium\"><\/div><div class=\"w-vwrapper align_center valign_middle\" style=\"--vwrapper-gap:1rem\"><div class=\"w-text us_custom_6df4bc3a has_text_color\"><a href=\"\/tr\/istanbul\/\" class=\"w-text-h\"><span class=\"w-text-value\">\u0130stanbul<\/span><\/a><\/div><div class=\"w-text us_custom_6df4bc3a has_text_color\"><a href=\"\/tr\/kapadokya\/\" class=\"w-text-h\"><span class=\"w-text-value\">Kapadokya<\/span><\/a><\/div><\/div><div class=\"w-separator hide_on_default hide_on_laptops hide_on_tablets size_large\"><\/div><\/div><\/div><\/div><\/div><\/section><section class=\"l-section wpb_row height_auto width_full\" id=\"themed-yacht-tours\"><div class=\"l-section-h i-cf\"><div class=\"g-cols vc_row via_grid cols_2 laptops-cols_inherit tablets-cols_inherit mobiles-cols_1 valign_middle type_default reversed stacking_default\" style=\"--columns-gap:0rem;\"><div class=\"wpb_column vc_column_container\"><div class=\"vc_column-overlay\" style=\"background:#003165\"><\/div><div class=\"vc_column-inner\"><div class=\"w-separator hide_on_default hide_on_laptops hide_on_tablets size_large\"><\/div><div class=\"wpb_text_column us_custom_d44d8758 has_text_color\"><div class=\"wpb_wrapper\"><h1>Temal\u0131 Turlar\u0131m\u0131z<\/h1>\n<\/div><\/div><div class=\"w-separator size_medium\"><\/div><div class=\"w-vwrapper align_center valign_middle\" style=\"--vwrapper-gap:1rem\"><div class=\"w-text us_custom_6df4bc3a has_text_color\"><a href=\"\/tr\/nefes-pilates-enerji-kanalli-ile-iyilesme\/\" class=\"w-text-h\"><span class=\"w-text-value\">Nefes \u2013 Pilates \u2013 Enerji Kanallar\u0131 ile \u0130yile\u015fme<\/span><\/a><\/div><div class=\"w-text us_custom_6df4bc3a has_text_color\"><a href=\"\/tr\/arkeoloji-ve-mavi-yolculuk\/\" class=\"w-text-h\"><span class=\"w-text-value\">Arkeoloji ve Mavi Yolculuk<\/span><\/a><\/div><\/div><div class=\"w-separator hide_on_default hide_on_laptops hide_on_tablets size_large\"><\/div><\/div><\/div><div class=\"wpb_column vc_column_container us_custom_f0864ad5 has_bg_color\"><div class=\"vc_column-inner\"><\/div><\/div><\/div><\/div><\/section><section class=\"l-section wpb_row height_auto width_full\" id=\"extreem-excurcions\"><div class=\"l-section-h i-cf\"><div class=\"g-cols vc_row via_grid cols_2 laptops-cols_inherit tablets-cols_inherit mobiles-cols_1 valign_middle type_default stacking_default\" style=\"--columns-gap:0rem;\"><div class=\"wpb_column vc_column_container us_custom_4d2c14c2 has_bg_color\"><div class=\"vc_column-inner\"><\/div><\/div><div class=\"wpb_column vc_column_container\"><div class=\"vc_column-overlay\" style=\"background:#1598d4\"><\/div><div class=\"vc_column-inner\"><div class=\"w-separator hide_on_default hide_on_laptops hide_on_tablets size_large\"><\/div><div class=\"wpb_text_column us_custom_d44d8758 has_text_color\"><div class=\"wpb_wrapper\"><h1>Macera Tutkunlar\u0131na Aktiviteler<\/h1>\n<\/div><\/div><div class=\"w-separator size_medium\"><\/div><div class=\"w-vwrapper align_center valign_middle\" style=\"--vwrapper-gap:1rem\"><div class=\"w-text us_custom_6df4bc3a has_text_color\"><a href=\"\/tr\/kite-surfing-kurek-balik-tutma\/\" class=\"w-text-h\"><span class=\"w-text-value\">Kite Surfing<\/span><\/a><\/div><div class=\"w-text us_custom_6df4bc3a has_text_color\"><a href=\"\/tr\/kite-surfing-kurek-balik-tutma\/\" class=\"w-text-h\"><span class=\"w-text-value\">K\u00fcrek<\/span><\/a><\/div><div class=\"w-text us_custom_6df4bc3a has_text_color\"><a href=\"\/tr\/kite-surfing-kurek-balik-tutma\/\" class=\"w-text-h\"><span class=\"w-text-value\">Bal\u0131k Tutma<\/span><\/a><\/div><\/div><div class=\"w-separator hide_on_default hide_on_laptops hide_on_tablets size_large\"><\/div><\/div><\/div><\/div><\/div><\/section><section class=\"l-section wpb_row height_auto width_full\" id=\"wine-tasting\"><div class=\"l-section-h i-cf\"><div class=\"g-cols vc_row via_grid cols_2 laptops-cols_inherit tablets-cols_inherit mobiles-cols_1 valign_middle type_default reversed stacking_default\" style=\"--columns-gap:0rem;\"><div class=\"wpb_column vc_column_container\"><div class=\"vc_column-overlay\" style=\"background:#003165\"><\/div><div class=\"vc_column-inner\"><div class=\"w-separator hide_on_default hide_on_laptops hide_on_tablets size_large\"><\/div><div class=\"wpb_text_column us_custom_d44d8758 has_text_color\"><div class=\"wpb_wrapper\"><h1>\u015earap Tad\u0131m Turlar\u0131m\u0131z<\/h1>\n<\/div><\/div><div class=\"w-separator size_medium\"><\/div><div class=\"w-vwrapper align_center valign_middle\" style=\"--vwrapper-gap:1rem\"><div class=\"w-text us_custom_6df4bc3a has_text_color\"><a href=\"\/tr\/bodrum-datca-sarap-tadim-turlari\/\" class=\"w-text-h\"><span class=\"w-text-value\">Bodrum<\/span><\/a><\/div><div class=\"w-text us_custom_6df4bc3a has_text_color\"><a href=\"\/tr\/bodrum-datca-sarap-tadim-turlari\/\" class=\"w-text-h\"><span class=\"w-text-value\">Dat\u00e7a<\/span><\/a><\/div><\/div><div class=\"w-separator hide_on_default hide_on_laptops hide_on_tablets size_large\"><\/div><\/div><\/div><div class=\"wpb_column vc_column_container us_custom_08acb78f has_bg_color\"><div class=\"vc_column-inner\"><\/div><\/div><\/div><\/div><\/section><section class=\"l-section wpb_row height_auto width_full\" id=\"ancient-ways\"><div class=\"l-section-h i-cf\"><div class=\"g-cols vc_row via_grid cols_2 laptops-cols_inherit tablets-cols_inherit mobiles-cols_1 valign_middle type_default stacking_default\" style=\"--columns-gap:0rem;\"><div class=\"wpb_column vc_column_container us_custom_deabff14 has_bg_color\"><div class=\"vc_column-inner\"><\/div><\/div><div class=\"wpb_column vc_column_container\"><div class=\"vc_column-overlay\" style=\"background:#1598d4\"><\/div><div class=\"vc_column-inner\"><div class=\"w-separator hide_on_default hide_on_laptops hide_on_tablets size_large\"><\/div><div class=\"wpb_text_column us_custom_d44d8758 has_text_color\"><div class=\"wpb_wrapper\"><h1>Tracking Tutkunlar\u0131na Antik Likya ve Karya Yolu Turlar\u0131<\/h1>\n<\/div><\/div><div class=\"w-separator size_medium\"><\/div><div class=\"w-vwrapper align_center valign_middle\" style=\"--vwrapper-gap:1rem\"><div class=\"w-text us_custom_6df4bc3a has_text_color\"><a href=\"\/tr\/likaye-karya-yollari\/\" class=\"w-text-h\"><span class=\"w-text-value\">Karya Yolu &amp; Likya Yolu<\/span><\/a><\/div><\/div><div class=\"w-separator hide_on_default hide_on_laptops hide_on_tablets size_large\"><\/div><\/div><\/div><\/div><\/div><\/section>\n","protected":false},"excerpt":{"rendered":"\u00d6zel Grup ve Ki\u015fiye \u00d6zel Tasarlanm\u0131\u015f Kara Turlar\u0131m\u0131z \u0130stanbulKapadokyaTemal\u0131 Turlar\u0131m\u0131z Nefes \u2013 Pilates \u2013 Enerji Kanallar\u0131 ile \u0130yile\u015fmeArkeoloji ve Mavi YolculukMacera Tutkunlar\u0131na Aktiviteler Kite SurfingK\u00fcrekBal\u0131k Tutma\u015earap Tad\u0131m Turlar\u0131m\u0131z BodrumDat\u00e7aTracking Tutkunlar\u0131na Antik Likya ve Karya Yolu Turlar\u0131 Karya Yolu &amp; Likya Yolu","protected":false},"author":1,"featured_media":0,"parent":0,"menu_order":0,"comment_status":"closed","ping_status":"closed","template":"","meta":{"_acf_changed":false,"footnotes":""},"class_list":["post-12883","page","type-page","status-publish","hentry"],"acf":[],"_links":{"self":[{"href":"https:\/\/uzelyachting.com\/tr\/wp-json\/wp\/v2\/pages\/12883","targetHints":{"allow":["GET"]}}],"collection":[{"href":"https:\/\/uzelyachting.com\/tr\/wp-json\/wp\/v2\/pages"}],"about":[{"href":"https:\/\/uzelyachting.com\/tr\/wp-json\/wp\/v2\/types\/page"}],"author":[{"embeddable":true,"href":"https:\/\/uzelyachting.com\/tr\/wp-json\/wp\/v2\/users\/1"}],"replies":[{"embeddable":true,"href":"https:\/\/uzelyachting.com\/tr\/wp-json\/wp\/v2\/comments?post=12883"}],"version-history":[{"count":5,"href":"https:\/\/uzelyachting.com\/tr\/wp-json\/wp\/v2\/pages\/12883\/revisions"}],"predecessor-version":[{"id":12905,"href":"https:\/\/uzelyachting.com\/tr\/wp-json\/wp\/v2\/pages\/12883\/revisions\/12905"}],"wp:attachment":[{"href":"https:\/\/uzelyachting.com\/tr\/wp-json\/wp\/v2\/media?parent=12883"}],"curies":[{"name":"wp","href":"https:\/\/api.w.org\/{rel}","templated":true}]}}