{"id":2437,"date":"2025-01-06T20:47:32","date_gmt":"2025-01-06T17:47:32","guid":{"rendered":"https:\/\/uzel.kranas.com\/hakkimizda\/"},"modified":"2025-09-08T22:04:23","modified_gmt":"2025-09-08T19:04:23","slug":"hakkimizda","status":"publish","type":"page","link":"https:\/\/uzelyachting.com\/tr\/hakkimizda\/","title":{"rendered":"Hakk\u0131m\u0131zda"},"content":{"rendered":"<section class=\"l-section wpb_row height_medium\"><div class=\"l-section-h i-cf\"><div class=\"g-cols vc_row via_grid cols_1 laptops-cols_inherit tablets-cols_inherit mobiles-cols_1 valign_top type_default stacking_default\"><div class=\"wpb_column vc_column_container\"><div class=\"vc_column-inner\"><div class=\"g-cols wpb_row via_grid cols_2 laptops-cols_inherit tablets-cols_inherit mobiles-cols_1 valign_middle type_default stacking_default\" style=\"--columns-gap:4rem;\"><div class=\"wpb_column vc_column_container\"><div class=\"vc_column-inner\"><div class=\"wpb_text_column us_custom_ba870b58 us_animate_this\"><div class=\"wpb_wrapper\"><p>Deniz tutkusunu profesyonel bir vizyonla birle\u015ftiren <strong>Uzel Yachting<\/strong>, 2012 y\u0131l\u0131nda Ay\u015f\u0131n Uzel taraf\u0131ndan kurulmu\u015ftur. Turizm ser\u00fcveni ise 2000 y\u0131l\u0131nda A s\u0131n\u0131f\u0131 turizm acentesi olan <strong>Borda Yacht<\/strong> ortakl\u0131\u011f\u0131yla ba\u015flam\u0131\u015f; bu s\u00fcre\u00e7te sekt\u00f6rde \u00f6nemli bir deneyim kazan\u0131lm\u0131\u015ft\u0131r. Ard\u0131ndan kurulan <strong>Mastori Yat Tersanesi<\/strong> ile ki\u015fiye \u00f6zel tasar\u0131m projeler geli\u015ftirilmi\u015f, hem yurt i\u00e7ine, hem de yurt d\u0131\u015f\u0131na yat \u00fcretimleri ger\u00e7ekle\u015ftirilmi\u015f; ayn\u0131 zamanda refit ve yenileme projeleriyle sekt\u00f6re de\u011fer kat\u0131lm\u0131\u015ft\u0131r.<\/p>\n<p><strong>D\u00f6rt Mevsim Mavi Yolculuk<\/strong><\/p>\n<p>Uzel Yachting, yaln\u0131zca yaz aylar\u0131nda de\u011fil; denizden k\u0131\u015f\u0131n da vazge\u00e7emeyenler i\u00e7in y\u0131l boyunca ayr\u0131cal\u0131kl\u0131 mavi yolculuk deneyimleri sunar.<\/p>\n<p><strong>Ki\u015fiye \u00d6zel Hizmet Anlay\u0131\u015f\u0131<\/strong><\/p>\n<p>Her misafirin beklentilerinin ve hayallerinin farkl\u0131 oldu\u011funun bilinciyle, Uzel Yachting standart hizmet paketlerinin \u00f6tesine ge\u00e7er. \u0130lk ileti\u015fim an\u0131ndan itibaren samimi bir ba\u011f kurar, her ayr\u0131nt\u0131y\u0131 titizlikle planlar, tamamen ki\u015fiye \u00f6zel se\u00e7enekler haz\u0131rlar. Hedef, daima kusursuz bir deneyim ve unutulmaz bir yolculuk sunmakt\u0131r.<\/p>\n<p><strong>Se\u00e7kin Yat Alternatifleri<\/strong><\/p>\n<p>Gulet, motoryat, yelkenli, katamaran ve trawler gibi farkl\u0131 kategorilerde geni\u015f bir yelpaze sunan Uzel Yachting, her yolculu\u011fu ayr\u0131cal\u0131kl\u0131 bir deneyime d\u00f6n\u00fc\u015ft\u00fcr\u00fcr. Konfor, zarafet ve i\u015flevselli\u011fi bir araya getiren l\u00fcks yatlar; misafirlerin ya\u015fam tarz\u0131na, ilgi alanlar\u0131na ve \u00f6zel taleplerine g\u00f6re \u00f6zenle se\u00e7ilir.<\/p>\n<\/div><\/div><\/div><\/div><div class=\"wpb_column vc_column_container\"><div class=\"vc_column-inner\"><div class=\"w-image us_custom_9fe04250 us_animate_this style_shadow-1 align_none\"><div class=\"w-image-h\"><img decoding=\"async\" width=\"768\" height=\"1024\" src=\"https:\/\/uzelyachting.com\/wp-content\/uploads\/2025\/03\/aysin-uzel-sahsi-768x1024.jpg\" class=\"attachment-large size-large\" alt=\"\" loading=\"lazy\" srcset=\"https:\/\/uzelyachting.com\/wp-content\/uploads\/2025\/03\/aysin-uzel-sahsi-768x1024.jpg 768w, https:\/\/uzelyachting.com\/wp-content\/uploads\/2025\/03\/aysin-uzel-sahsi-225x300.jpg 225w, https:\/\/uzelyachting.com\/wp-content\/uploads\/2025\/03\/aysin-uzel-sahsi-26x35.jpg 26w, https:\/\/uzelyachting.com\/wp-content\/uploads\/2025\/03\/aysin-uzel-sahsi-scaled.jpg 1920w\" sizes=\"auto, (max-width: 768px) 100vw, 768px\" \/><\/div><\/div><\/div><\/div><\/div><div class=\"w-separator size_large\"><\/div><div class=\"g-cols wpb_row via_grid cols_2 laptops-cols_inherit tablets-cols_inherit mobiles-cols_1 valign_middle type_default reversed stacking_default\" style=\"--columns-gap:3rem;\"><div class=\"wpb_column vc_column_container\"><div class=\"vc_column-inner\"><div class=\"w-image us_custom_9fe04250 us_animate_this style_shadow-1 align_none\"><div class=\"w-image-h\"><img decoding=\"async\" width=\"1920\" height=\"1080\" src=\"https:\/\/uzelyachting.com\/wp-content\/uploads\/2025\/03\/t6GwSBXFtP4umFD3V1.jpeg\" class=\"attachment-full size-full\" alt=\"\" loading=\"lazy\" srcset=\"https:\/\/uzelyachting.com\/wp-content\/uploads\/2025\/03\/t6GwSBXFtP4umFD3V1.jpeg 1920w, https:\/\/uzelyachting.com\/wp-content\/uploads\/2025\/03\/t6GwSBXFtP4umFD3V1-300x169.jpeg 300w, https:\/\/uzelyachting.com\/wp-content\/uploads\/2025\/03\/t6GwSBXFtP4umFD3V1-1024x576.jpeg 1024w, https:\/\/uzelyachting.com\/wp-content\/uploads\/2025\/03\/t6GwSBXFtP4umFD3V1-62x35.jpeg 62w, https:\/\/uzelyachting.com\/wp-content\/uploads\/2025\/03\/t6GwSBXFtP4umFD3V1-550x309.jpeg 550w\" sizes=\"auto, (max-width: 1920px) 100vw, 1920px\" \/><\/div><\/div><\/div><\/div><div class=\"wpb_column vc_column_container\"><div class=\"vc_column-inner\"><div class=\"wpb_text_column us_custom_6c21c073 us_animate_this\"><div class=\"wpb_wrapper\"><p data-start=\"106\" data-end=\"378\">Deneyimlerimiz, her m\u00fc\u015fterinin beklenti ve ihtiya\u00e7lar\u0131n\u0131n farkl\u0131 oldu\u011funu g\u00f6sterdi. Bu nedenle, bizimle ileti\u015fime ge\u00e7ildi\u011fi andan itibaren her misafirle birebir temas kurar, \u00f6zenle planlanm\u0131\u015f alternatiflerle yolculu\u011fu ki\u015fiye \u00f6zel k\u0131larak maksimum memnuniyeti hedefleriz.<\/p>\n<p data-start=\"380\" data-end=\"552\">Uzel Yachting, sadece e\u015fsiz koylarda mavi yolculuklar sunmakla kalmaz, do\u011fayla b\u00fct\u00fcnle\u015fmenizi sa\u011flayan \u00f6zel aktivitelerle her yolculu\u011fu unutulmaz bir deneyime d\u00f6n\u00fc\u015ft\u00fcr\u00fcr.<\/p>\n<\/div><\/div><\/div><\/div><\/div><\/div><\/div><\/div><\/div><\/section>\n","protected":false},"excerpt":{"rendered":"Deniz tutkusunu profesyonel bir vizyonla birle\u015ftiren Uzel Yachting, 2012 y\u0131l\u0131nda Ay\u015f\u0131n Uzel taraf\u0131ndan kurulmu\u015ftur. Turizm ser\u00fcveni ise 2000 y\u0131l\u0131nda A s\u0131n\u0131f\u0131 turizm acentesi olan Borda Yacht ortakl\u0131\u011f\u0131yla ba\u015flam\u0131\u015f; bu s\u00fcre\u00e7te sekt\u00f6rde \u00f6nemli bir deneyim kazan\u0131lm\u0131\u015ft\u0131r. Ard\u0131ndan kurulan Mastori Yat Tersanesi ile ki\u015fiye \u00f6zel tasar\u0131m projeler geli\u015ftirilmi\u015f, hem yurt i\u00e7ine, hem de yurt d\u0131\u015f\u0131na yat \u00fcretimleri...","protected":false},"author":1,"featured_media":0,"parent":0,"menu_order":0,"comment_status":"closed","ping_status":"closed","template":"","meta":{"_acf_changed":false,"footnotes":""},"class_list":["post-2437","page","type-page","status-publish","hentry"],"acf":[],"_links":{"self":[{"href":"https:\/\/uzelyachting.com\/tr\/wp-json\/wp\/v2\/pages\/2437","targetHints":{"allow":["GET"]}}],"collection":[{"href":"https:\/\/uzelyachting.com\/tr\/wp-json\/wp\/v2\/pages"}],"about":[{"href":"https:\/\/uzelyachting.com\/tr\/wp-json\/wp\/v2\/types\/page"}],"author":[{"embeddable":true,"href":"https:\/\/uzelyachting.com\/tr\/wp-json\/wp\/v2\/users\/1"}],"replies":[{"embeddable":true,"href":"https:\/\/uzelyachting.com\/tr\/wp-json\/wp\/v2\/comments?post=2437"}],"version-history":[{"count":12,"href":"https:\/\/uzelyachting.com\/tr\/wp-json\/wp\/v2\/pages\/2437\/revisions"}],"predecessor-version":[{"id":13489,"href":"https:\/\/uzelyachting.com\/tr\/wp-json\/wp\/v2\/pages\/2437\/revisions\/13489"}],"wp:attachment":[{"href":"https:\/\/uzelyachting.com\/tr\/wp-json\/wp\/v2\/media?parent=2437"}],"curies":[{"name":"wp","href":"https:\/\/api.w.org\/{rel}","templated":true}]}}