{"id":2440,"date":"2025-01-09T18:00:57","date_gmt":"2025-01-09T15:00:57","guid":{"rendered":"https:\/\/uzel.kranas.com\/?page_id=2440"},"modified":"2025-07-06T17:39:04","modified_gmt":"2025-07-06T14:39:04","slug":"iletisim","status":"publish","type":"page","link":"https:\/\/uzelyachting.com\/tr\/iletisim\/","title":{"rendered":"\u0130leti\u015fim"},"content":{"rendered":"<section class=\"l-section wpb_row height_auto\"><div class=\"l-section-h i-cf\"><div class=\"g-cols vc_row via_grid cols_1 laptops-cols_inherit tablets-cols_inherit mobiles-cols_1 valign_top type_default stacking_default\"><div class=\"wpb_column vc_column_container\"><div class=\"vc_column-inner\"><div class=\"g-cols wpb_row via_grid cols_1 laptops-cols_inherit tablets-cols_inherit mobiles-cols_1 valign_top type_default stacking_default\" style=\"--columns-gap:3rem;\"><div class=\"wpb_column vc_column_container stretched\"><div class=\"vc_column-inner\"><div class=\"w-html\"><iframe src=\"https:\/\/www.google.com\/maps\/embed?pb=!1m18!1m12!1m3!1d3009.9465266004586!2d28.97627177642569!3d41.026425818306635!2m3!1f0!2f0!3f0!3m2!1i1024!2i768!4f13.1!3m3!1m2!1s0x14cab9ddd47baadb%3A0xa32e551535d24c70!2sUZEL%20Yachting!5e0!3m2!1sen!2str!4v1742739648994!5m2!1sen!2str\" width=\"100%\" height=\"400\" style=\"border:0;\" allowfullscreen=\"\" loading=\"lazy\" referrerpolicy=\"no-referrer-when-downgrade\"><\/iframe><\/div><\/div><\/div><\/div><\/div><\/div><\/div><\/div><\/section><section class=\"l-section wpb_row height_small\"><div class=\"l-section-h i-cf\"><div class=\"g-cols vc_row via_grid cols_1 laptops-cols_inherit tablets-cols_inherit mobiles-cols_1 valign_top type_default stacking_default\"><div class=\"wpb_column vc_column_container\"><div class=\"vc_column-inner\"><div class=\"g-cols wpb_row via_grid cols_3 laptops-cols_inherit tablets-cols_inherit mobiles-cols_1 valign_top type_default stacking_default\" style=\"--columns-gap:3rem;\"><div class=\"wpb_column vc_column_container\"><div class=\"vc_column-inner\"><div class=\"w-vwrapper align_none valign_top\" style=\"--vwrapper-gap:1.2rem\"><div class=\"w-iconbox iconpos_left style_default color_primary align_none no_text\"><a target=\"_blank\" href=\"https:\/\/maps.app.goo.gl\/8AMstnGG6ywpHth17\" class=\"w-iconbox-link\" aria-label=\"Kalayc\u0131o\u011flu \u0130\u015f Han\u0131 Hac\u0131mimi Mahallesi Kemeralt\u0131 Caddesi. No:35 Karak\u00f6y, \u0130stanbul &#8211; T\u00fcrkiye\"><div class=\"w-iconbox-icon\" style=\"font-size:1.4rem;\"><i class=\"material-icons\">home<\/i><\/div><\/a><div class=\"w-iconbox-meta\"><p class=\"w-iconbox-title\"><a target=\"_blank\" href=\"https:\/\/maps.app.goo.gl\/8AMstnGG6ywpHth17\" class=\"w-iconbox-link\" aria-label=\"Kalayc\u0131o\u011flu \u0130\u015f Han\u0131 Hac\u0131mimi Mahallesi Kemeralt\u0131 Caddesi. No:35 Karak\u00f6y, \u0130stanbul &#8211; T\u00fcrkiye\">Kalayc\u0131o\u011flu \u0130\u015f Han\u0131 Hac\u0131mimi Mahallesi Kemeralt\u0131 Caddesi. No:35 Karak\u00f6y, \u0130stanbul &#8211; T\u00fcrkiye<\/a><\/p><\/div><\/div><div class=\"w-iconbox iconpos_left style_default color_primary align_none no_text\"><div class=\"w-iconbox-icon\" style=\"font-size:1.4rem;\"><i class=\"material-icons\">home<\/i><\/div><div class=\"w-iconbox-meta\"><p class=\"w-iconbox-title\">Bitez Balc\u0131lar Mevki Menenge\u00e7 sokak No: 16 Bodrum \/ Mu\u011fla \u2013 T\u00fcrkiye <\/p><\/div><\/div><div class=\"w-iconbox iconpos_left style_default color_primary align_left no_text\"><a target=\"_blank\" href=\"tel:+902122454524\" class=\"w-iconbox-link\" aria-label=\"+90212 245 45 24\"><div class=\"w-iconbox-icon\" style=\"font-size:1.4rem;\"><i class=\"material-icons\">call<\/i><\/div><\/a><div class=\"w-iconbox-meta\"><p class=\"w-iconbox-title\"><a target=\"_blank\" href=\"tel:+902122454524\" class=\"w-iconbox-link\" aria-label=\"+90212 245 45 24\">+90212 245 45 24<\/a><\/p><\/div><\/div><div class=\"w-iconbox iconpos_left style_default color_primary align_left no_text\"><a target=\"_blank\" href=\"tel:+905326133623\" class=\"w-iconbox-link\" aria-label=\"+90532 613 36 23\"><div class=\"w-iconbox-icon\" style=\"font-size:1.4rem;\"><i class=\"material-icons\">call<\/i><\/div><\/a><div class=\"w-iconbox-meta\"><p class=\"w-iconbox-title\"><a target=\"_blank\" href=\"tel:+905326133623\" class=\"w-iconbox-link\" aria-label=\"+90532 613 36 23\">+90532 613 36 23<\/a><\/p><\/div><\/div><\/div><\/div><\/div><div class=\"wpb_column vc_column_container\"><div class=\"vc_column-inner\"><div class=\"w-vwrapper align_none valign_top\" style=\"--vwrapper-gap:1.2rem\"><div class=\"w-iconbox iconpos_left style_default color_primary align_left no_text\"><a target=\"_blank\" href=\"mailto:info@uzelyachting.com\" class=\"w-iconbox-link\" aria-label=\"info@uzelyachting.com\"><div class=\"w-iconbox-icon\" style=\"font-size:1.4rem;\"><i class=\"material-icons\">email<\/i><\/div><\/a><div class=\"w-iconbox-meta\"><p class=\"w-iconbox-title\"><a target=\"_blank\" href=\"mailto:info@uzelyachting.com\" class=\"w-iconbox-link\" aria-label=\"info@uzelyachting.com\">info@uzelyachting.com<\/a><\/p><\/div><\/div><div class=\"w-iconbox iconpos_left style_default color_primary align_left no_text\"><a target=\"_blank\" href=\"https:\/\/www.instagram.com\/uzelyachting\/\" class=\"w-iconbox-link\" aria-label=\"Uzel Yachting Instagram\"><div class=\"w-iconbox-icon\" style=\"font-size:1.4rem;\"><i class=\"fab fa-instagram\"><\/i><\/div><\/a><div class=\"w-iconbox-meta\"><p class=\"w-iconbox-title\"><a target=\"_blank\" href=\"https:\/\/www.instagram.com\/uzelyachting\/\" class=\"w-iconbox-link\" aria-label=\"Uzel Yachting Instagram\">Uzel Yachting Instagram<\/a><\/p><\/div><\/div><div class=\"w-iconbox iconpos_left style_default color_primary align_left no_text\"><a target=\"_blank\" href=\"https:\/\/www.facebook.com\/uzelyatcilik\" class=\"w-iconbox-link\" aria-label=\"Uzel Yachting Facebook\"><div class=\"w-iconbox-icon\" style=\"font-size:1.4rem;\"><i class=\"fab fa-facebook\"><\/i><\/div><\/a><div class=\"w-iconbox-meta\"><p class=\"w-iconbox-title\"><a target=\"_blank\" href=\"https:\/\/www.facebook.com\/uzelyatcilik\" class=\"w-iconbox-link\" aria-label=\"Uzel Yachting Facebook\">Uzel Yachting Facebook<\/a><\/p><\/div><\/div><div class=\"w-iconbox iconpos_left style_default color_primary align_left no_text\"><a target=\"_blank\" href=\"https:\/\/www.linkedin.com\/company\/uzel-yachting-tourism-organization-and-trade-coo\/\" class=\"w-iconbox-link\" aria-label=\"Uzel Yachting LinkedIn\"><div class=\"w-iconbox-icon\" style=\"font-size:1.4rem;\"><i class=\"fab fa-linkedin\"><\/i><\/div><\/a><div class=\"w-iconbox-meta\"><p class=\"w-iconbox-title\"><a target=\"_blank\" href=\"https:\/\/www.linkedin.com\/company\/uzel-yachting-tourism-organization-and-trade-coo\/\" class=\"w-iconbox-link\" aria-label=\"Uzel Yachting LinkedIn\">Uzel Yachting LinkedIn<\/a><\/p><\/div><\/div><\/div><\/div><\/div><div class=\"wpb_column vc_column_container\"><div class=\"vc_column-inner\"><div class=\"wpb_text_column\"><div class=\"wpb_wrapper\">\n<div class=\"wpcf7 no-js\" id=\"wpcf7-f2584-o1\" lang=\"tr-TR\" dir=\"ltr\" data-wpcf7-id=\"2584\">\n<div class=\"screen-reader-response\"><p role=\"status\" aria-live=\"polite\" aria-atomic=\"true\"><\/p> <ul><\/ul><\/div>\n<form action=\"\/tr\/wp-json\/wp\/v2\/pages\/2440#wpcf7-f2584-o1\" method=\"post\" class=\"wpcf7-form init\" aria-label=\"\u0130leti\u015fim Formu\" novalidate=\"novalidate\" data-status=\"init\">\n<fieldset class=\"hidden-fields-container\"><input type=\"hidden\" name=\"_wpcf7\" value=\"2584\" \/><input type=\"hidden\" name=\"_wpcf7_version\" value=\"6.1.5\" \/><input type=\"hidden\" name=\"_wpcf7_locale\" value=\"tr_TR\" \/><input type=\"hidden\" name=\"_wpcf7_unit_tag\" value=\"wpcf7-f2584-o1\" \/><input type=\"hidden\" name=\"_wpcf7_container_post\" value=\"0\" \/><input type=\"hidden\" name=\"_wpcf7_posted_data_hash\" value=\"\" \/><input type=\"hidden\" name=\"_wpcf7_recaptcha_response\" value=\"\" \/>\n<\/fieldset>\n<p><label> Your name<br \/>\n<span class=\"wpcf7-form-control-wrap\" data-name=\"your-name\"><input size=\"40\" maxlength=\"400\" class=\"wpcf7-form-control wpcf7-text wpcf7-validates-as-required\" autocomplete=\"name\" aria-required=\"true\" aria-invalid=\"false\" value=\"\" type=\"text\" name=\"your-name\" \/><\/span> <\/label>\n<\/p>\n<p><label> Your email<br \/>\n<span class=\"wpcf7-form-control-wrap\" data-name=\"your-email\"><input size=\"40\" maxlength=\"400\" class=\"wpcf7-form-control wpcf7-email wpcf7-validates-as-required wpcf7-text wpcf7-validates-as-email\" autocomplete=\"email\" aria-required=\"true\" aria-invalid=\"false\" value=\"\" type=\"email\" name=\"your-email\" \/><\/span> <\/label>\n<\/p>\n<p><label> Your message<br \/>\n<span class=\"wpcf7-form-control-wrap\" data-name=\"your-message\"><textarea cols=\"40\" rows=\"10\" maxlength=\"2000\" class=\"wpcf7-form-control wpcf7-textarea wpcf7-validates-as-required\" aria-required=\"true\" aria-invalid=\"false\" name=\"your-message\"><\/textarea><\/span> <\/label>\n<\/p>\n<p><input class=\"wpcf7-form-control wpcf7-submit has-spinner\" type=\"submit\" value=\"Submit\" \/>\n<\/p><div class=\"wpcf7-response-output\" aria-hidden=\"true\"><\/div>\n<\/form>\n<\/div>\n\n<\/div><\/div><\/div><\/div><\/div><\/div><\/div><\/div><\/div><\/section>\n","protected":false},"excerpt":{"rendered":"homeKalayc\u0131o\u011flu \u0130\u015f Han\u0131 Hac\u0131mimi Mahallesi Kemeralt\u0131 Caddesi. No:35 Karak\u00f6y, \u0130stanbul &#8211; T\u00fcrkiyehomeBitez Balc\u0131lar Mevki Menenge\u00e7 sokak No: 16 Bodrum \/ Mu\u011fla \u2013 T\u00fcrkiye call+90212 245 45 24call+90532 613 36 23emailinfo@uzelyachting.comUzel Yachting InstagramUzel Yachting FacebookUzel Yachting LinkedIn Your name Your email Your message","protected":false},"author":1,"featured_media":0,"parent":0,"menu_order":0,"comment_status":"closed","ping_status":"closed","template":"","meta":{"_acf_changed":false,"footnotes":""},"class_list":["post-2440","page","type-page","status-publish","hentry"],"acf":[],"_links":{"self":[{"href":"https:\/\/uzelyachting.com\/tr\/wp-json\/wp\/v2\/pages\/2440","targetHints":{"allow":["GET"]}}],"collection":[{"href":"https:\/\/uzelyachting.com\/tr\/wp-json\/wp\/v2\/pages"}],"about":[{"href":"https:\/\/uzelyachting.com\/tr\/wp-json\/wp\/v2\/types\/page"}],"author":[{"embeddable":true,"href":"https:\/\/uzelyachting.com\/tr\/wp-json\/wp\/v2\/users\/1"}],"replies":[{"embeddable":true,"href":"https:\/\/uzelyachting.com\/tr\/wp-json\/wp\/v2\/comments?post=2440"}],"version-history":[{"count":4,"href":"https:\/\/uzelyachting.com\/tr\/wp-json\/wp\/v2\/pages\/2440\/revisions"}],"predecessor-version":[{"id":12924,"href":"https:\/\/uzelyachting.com\/tr\/wp-json\/wp\/v2\/pages\/2440\/revisions\/12924"}],"wp:attachment":[{"href":"https:\/\/uzelyachting.com\/tr\/wp-json\/wp\/v2\/media?parent=2440"}],"curies":[{"name":"wp","href":"https:\/\/api.w.org\/{rel}","templated":true}]}}