{"id":2562,"date":"2025-01-06T21:02:56","date_gmt":"2025-01-06T18:02:56","guid":{"rendered":"https:\/\/uzel.kranas.com\/routes\/"},"modified":"2025-05-04T17:02:27","modified_gmt":"2025-05-04T14:02:27","slug":"rotalar","status":"publish","type":"page","link":"https:\/\/uzelyachting.com\/tr\/rotalar\/","title":{"rendered":"Rotalar"},"content":{"rendered":"<section class=\"l-section wpb_row height_auto width_full\" id=\"turkey\"><div class=\"l-section-h i-cf\"><div class=\"g-cols vc_row via_grid cols_2 laptops-cols_inherit tablets-cols_inherit mobiles-cols_1 valign_middle type_default stacking_default\" style=\"--columns-gap:0rem;\"><div class=\"wpb_column vc_column_container us_custom_9a94bb98 has_bg_color\"><div class=\"vc_column-inner\"><\/div><\/div><div class=\"wpb_column vc_column_container\"><div class=\"vc_column-overlay\" style=\"background:#003165\"><\/div><div class=\"vc_column-inner\"><div class=\"wpb_text_column us_custom_d44d8758 has_text_color\"><div class=\"wpb_wrapper\"><h1>T\u00fcrkiye<\/h1>\n<\/div><\/div><div class=\"w-separator size_small\"><\/div><div class=\"w-vwrapper align_center valign_middle\" style=\"--vwrapper-gap:1rem\"><div class=\"w-text us_custom_6df4bc3a has_text_color\"><a href=\"\/tr\/category\/turkiye-tr\/bodrum-tr\/\" class=\"w-text-h\"><span class=\"w-text-value\">Bodrum<\/span><\/a><\/div><div class=\"w-text us_custom_6df4bc3a has_text_color\"><a href=\"\/tr\/category\/turkiye-tr\/fethiye-gocek-tr\/\" class=\"w-text-h\"><span class=\"w-text-value\">Fethiye\/Gocek<\/span><\/a><\/div><div class=\"w-text us_custom_6df4bc3a has_text_color\"><a href=\"\/tr\/category\/turkiye-tr\/marmaris-tr\/\" class=\"w-text-h\"><span class=\"w-text-value\">Marmaris<\/span><\/a><\/div><\/div><div class=\"w-separator size_small\"><\/div><div class=\"w-btn-wrapper align_center\"><a class=\"w-btn us-btn-style_2\" href=\"\/tr\/category\/turkiye-tr\/\"><span class=\"w-btn-label\">T\u00fcrkiye&#8217;yi Ke\u015ffedin<\/span><\/a><\/div><\/div><\/div><\/div><\/div><\/section><section class=\"l-section wpb_row height_auto width_full\" id=\"Greece\"><div class=\"l-section-h i-cf\"><div class=\"g-cols vc_row via_grid cols_2 laptops-cols_inherit tablets-cols_inherit mobiles-cols_1 valign_middle type_default stacking_default\" style=\"--columns-gap:0rem;\"><div class=\"wpb_column vc_column_container\"><div class=\"vc_column-overlay\" style=\"background:#1598d4\"><\/div><div class=\"vc_column-inner\"><div class=\"wpb_text_column us_custom_d44d8758 has_text_color\"><div class=\"wpb_wrapper\"><h1>Yunanistan<\/h1>\n<\/div><\/div><div class=\"w-separator size_small\"><\/div><div class=\"w-vwrapper align_center valign_middle\" style=\"--vwrapper-gap:1rem\"><div class=\"w-text us_custom_6df4bc3a has_text_color\"><a href=\"\/tr\/athens-cyclades-athens\/\" class=\"w-text-h\"><span class=\"w-text-value\">Athens-Cyclades- Athens<\/span><\/a><\/div><div class=\"w-text us_custom_6df4bc3a has_text_color\"><a href=\"\/tr\/kos\/\" class=\"w-text-h\"><span class=\"w-text-value\">Kos<\/span><\/a><\/div><div class=\"w-text us_custom_6df4bc3a has_text_color\"><a href=\"\/tr\/rodos\/\" class=\"w-text-h\"><span class=\"w-text-value\">Rodos<\/span><\/a><\/div><\/div><div class=\"w-separator size_medium\"><\/div><div class=\"w-btn-wrapper align_center\"><a class=\"w-btn us-btn-style_2\" href=\"\/tr\/category\/yunanistan\/\"><span class=\"w-btn-label\">Yunanistan&#8217;\u0131 Ke\u015ffedin<\/span><\/a><\/div><\/div><\/div><div class=\"wpb_column vc_column_container us_custom_2db69e8c has_bg_color\"><div class=\"vc_column-inner\"><\/div><\/div><\/div><\/div><\/section><section class=\"l-section wpb_row height_auto width_full\" id=\"Croatia\"><div class=\"l-section-h i-cf\"><div class=\"g-cols vc_row via_grid cols_2 laptops-cols_inherit tablets-cols_inherit mobiles-cols_1 valign_middle type_default stacking_default\" style=\"--columns-gap:0rem;\"><div class=\"wpb_column vc_column_container us_custom_7c01a20d has_bg_color\"><div class=\"vc_column-inner\"><\/div><\/div><div class=\"wpb_column vc_column_container\"><div class=\"vc_column-overlay\" style=\"background:#003165\"><\/div><div class=\"vc_column-inner\"><div class=\"wpb_text_column us_custom_d44d8758 has_text_color\"><div class=\"wpb_wrapper\"><h1>H\u0131rvatistan<\/h1>\n<\/div><\/div><div class=\"w-separator size_small\"><\/div><div class=\"w-vwrapper align_center valign_middle\" style=\"--vwrapper-gap:1rem\"><div class=\"w-text us_custom_6df4bc3a has_text_color\"><a href=\"\/tr\/dubrovnik\/\" class=\"w-text-h\"><span class=\"w-text-value\">Dubrovnik<\/span><\/a><\/div><div class=\"w-text us_custom_6df4bc3a has_text_color\"><a href=\"\/tr\/split\/\" class=\"w-text-h\"><span class=\"w-text-value\">Split<\/span><\/a><\/div><\/div><div class=\"w-separator size_medium\"><\/div><div class=\"w-btn-wrapper align_center\"><a class=\"w-btn us-btn-style_2\" href=\"\/tr\/category\/hirvatistan\/\"><span class=\"w-btn-label\">H\u0131rvatistan&#8217;\u0131 Ke\u015ffedin<\/span><\/a><\/div><\/div><\/div><\/div><\/div><\/section><section class=\"l-section wpb_row height_auto width_full\" id=\"Italy\"><div class=\"l-section-h i-cf\"><div class=\"g-cols vc_row via_grid cols_2 laptops-cols_inherit tablets-cols_inherit mobiles-cols_1 valign_middle type_default stacking_default\" style=\"--columns-gap:0rem;\"><div class=\"wpb_column vc_column_container\"><div class=\"vc_column-overlay\" style=\"background:#1598d4\"><\/div><div class=\"vc_column-inner\"><div class=\"wpb_text_column us_custom_d44d8758 has_text_color\"><div class=\"wpb_wrapper\"><h1>\u0130talya<\/h1>\n<\/div><\/div><div class=\"w-separator size_small\"><\/div><div class=\"w-vwrapper align_center valign_middle\" style=\"--vwrapper-gap:1rem\"><div class=\"w-text us_custom_6df4bc3a has_text_color\"><a href=\"\/tr\/aeolian-islands\/\" class=\"w-text-h\"><span class=\"w-text-value\">Aeolian Islands<\/span><\/a><\/div><div class=\"w-text us_custom_6df4bc3a has_text_color\"><a href=\"\/tr\/amalfi-coast-phlegrean-islands\/\" class=\"w-text-h\"><span class=\"w-text-value\">Amalfi Coast &amp; Phlegrean Islands<\/span><\/a><\/div><\/div><div class=\"w-separator size_medium\"><\/div><div class=\"w-btn-wrapper align_center\"><a class=\"w-btn us-btn-style_2\" href=\"\/tr\/category\/italya\/\"><span class=\"w-btn-label\">\u0130talya&#8217;y\u0131 Ke\u015ffedin<\/span><\/a><\/div><\/div><\/div><div class=\"wpb_column vc_column_container us_custom_478a34b2 has_bg_color\"><div class=\"vc_column-inner\"><\/div><\/div><\/div><\/div><\/section>\n","protected":false},"excerpt":{"rendered":"T\u00fcrkiye BodrumFethiye\/GocekMarmarisT\u00fcrkiye&#8217;yi Ke\u015ffedinYunanistan Athens-Cyclades- AthensKosRodosYunanistan&#8217;\u0131 Ke\u015ffedinH\u0131rvatistan DubrovnikSplitH\u0131rvatistan&#8217;\u0131 Ke\u015ffedin\u0130talya Aeolian IslandsAmalfi Coast &amp; Phlegrean Islands\u0130talya&#8217;y\u0131 Ke\u015ffedin","protected":false},"author":1,"featured_media":0,"parent":0,"menu_order":0,"comment_status":"closed","ping_status":"closed","template":"","meta":{"_acf_changed":false,"footnotes":""},"class_list":["post-2562","page","type-page","status-publish","hentry"],"acf":[],"_links":{"self":[{"href":"https:\/\/uzelyachting.com\/tr\/wp-json\/wp\/v2\/pages\/2562","targetHints":{"allow":["GET"]}}],"collection":[{"href":"https:\/\/uzelyachting.com\/tr\/wp-json\/wp\/v2\/pages"}],"about":[{"href":"https:\/\/uzelyachting.com\/tr\/wp-json\/wp\/v2\/types\/page"}],"author":[{"embeddable":true,"href":"https:\/\/uzelyachting.com\/tr\/wp-json\/wp\/v2\/users\/1"}],"replies":[{"embeddable":true,"href":"https:\/\/uzelyachting.com\/tr\/wp-json\/wp\/v2\/comments?post=2562"}],"version-history":[{"count":5,"href":"https:\/\/uzelyachting.com\/tr\/wp-json\/wp\/v2\/pages\/2562\/revisions"}],"predecessor-version":[{"id":2689,"href":"https:\/\/uzelyachting.com\/tr\/wp-json\/wp\/v2\/pages\/2562\/revisions\/2689"}],"wp:attachment":[{"href":"https:\/\/uzelyachting.com\/tr\/wp-json\/wp\/v2\/media?parent=2562"}],"curies":[{"name":"wp","href":"https:\/\/api.w.org\/{rel}","templated":true}]}}